{"id":26046305,"date":"2024-09-28T18:09:29","date_gmt":"2024-09-28T16:09:29","guid":{"rendered":"https:\/\/www.mindsetmentors.eu\/in-the-media\/"},"modified":"2026-01-27T21:05:39","modified_gmt":"2026-01-27T20:05:39","slug":"in-the-media","status":"publish","type":"page","link":"https:\/\/www.mindsetmentors.eu\/en\/in-the-media\/","title":{"rendered":"In the media"},"content":{"rendered":"<p>[et_pb_section fb_built=&#8221;1&#8243; _builder_version=&#8221;4.27.0&#8243; _module_preset=&#8221;default&#8221; background_color=&#8221;#FFFFFF&#8221; custom_padding=&#8221;110px||30px||false|false&#8221; locked=&#8221;off&#8221; global_colors_info=&#8221;{}&#8221;][et_pb_row _builder_version=&#8221;4.24.2&#8243; _module_preset=&#8221;e9f61a9c-0fce-41a9-aae5-46baa6328129&#8243; width_tablet=&#8221;&#8221; width_phone=&#8221;80%&#8221; width_last_edited=&#8221;on|phone&#8221; custom_css_main_element=&#8221;display: flex;||align-items: center;||&#8221; global_colors_info=&#8221;{}&#8221; custom_css_main_element_last_edited=&#8221;on|tablet&#8221; custom_css_main_element_phone=&#8221;display: flex;||    flex-flow: wrap; ||&#8221; custom_css_main_element_tablet=&#8221;display: flex;||    flex-flow: wrap; &#8220;][et_pb_column type=&#8221;4_4&#8243; _builder_version=&#8221;4.24.2&#8243; _module_preset=&#8221;default&#8221; global_colors_info=&#8221;{}&#8221;][et_pb_heading title=&#8221;In the media&#8221; _builder_version=&#8221;4.27.0&#8243; _module_preset=&#8221;0ab36efc-5a28-467b-bdc6-c135c103023a&#8221; title_text_align=&#8221;center&#8221; title_text_color=&#8221;#383024&#8243; locked=&#8221;off&#8221; global_colors_info=&#8221;{}&#8221;][\/et_pb_heading][\/et_pb_column][\/et_pb_row][\/et_pb_section][et_pb_section fb_built=&#8221;1&#8243; _builder_version=&#8221;4.27.0&#8243; _module_preset=&#8221;default&#8221; background_color=&#8221;#FFFFFF&#8221; custom_padding=&#8221;||80px||false|false&#8221; global_colors_info=&#8221;{}&#8221;][et_pb_row column_structure=&#8221;2_3,1_3&#8243; _builder_version=&#8221;4.27.0&#8243; _module_preset=&#8221;default&#8221; global_colors_info=&#8221;{}&#8221;][et_pb_column type=&#8221;2_3&#8243; _builder_version=&#8221;4.24.2&#8243; _module_preset=&#8221;default&#8221; global_colors_info=&#8221;{}&#8221;][et_pb_blog post_type=&#8221;do-usi&#8221; posts_number=&#8221;100&#8243; show_more=&#8221;on&#8221; show_author=&#8221;off&#8221; show_date=&#8221;off&#8221; show_categories=&#8221;off&#8221; module_class=&#8221;dipi-styled-blog&#8221; _builder_version=&#8221;4.27.4&#8243; _module_preset=&#8221;default&#8221; pagination_font=&#8221;||||on|||#312E2F|dotted&#8221; pagination_text_color=&#8221;#312E2F&#8221; custom_margin=&#8221;||34px|||&#8221; hover_enabled=&#8221;0&#8243; custom_css_free_form=&#8221;selector img {||  aspect-ratio: 16\/9;||  object-fit: contain !important;||  height: auto !important;||}&#8221; global_colors_info=&#8221;{}&#8221; pagination_text_color__hover_enabled=&#8221;off|hover&#8221; pagination_text_color__hover=&#8221;#312E2F&#8221; show_pagination=&#8221;off&#8221; sticky_enabled=&#8221;0&#8243;][\/et_pb_blog][\/et_pb_column][et_pb_column type=&#8221;1_3&#8243; _builder_version=&#8221;4.27.0&#8243; _module_preset=&#8221;default&#8221; background_color=&#8221;#F9F9F9&#8243; custom_padding=&#8221;30px|40px|30px|40px|true|true&#8221; global_colors_info=&#8221;{}&#8221;][et_pb_heading title=&#8221;Categories&#8221; _builder_version=&#8221;4.27.0&#8243; _module_preset=&#8221;41c8e0c3-1479-42f8-ab2a-b9f73f897217&#8243; title_font=&#8221;|600|||||||&#8221; title_text_align=&#8221;left&#8221; title_font_size=&#8221;25px&#8221; custom_margin=&#8221;16px||0px||false|false&#8221; title_font_size_tablet=&#8221;25px&#8221; title_font_size_phone=&#8221;25px&#8221; title_font_size_last_edited=&#8221;on|phone&#8221; locked=&#8221;off&#8221; global_colors_info=&#8221;{}&#8221;][\/et_pb_heading][et_pb_text _builder_version=&#8221;4.27.0&#8243; _module_preset=&#8221;default&#8221; text_line_height=&#8221;1.9em&#8221; link_text_color=&#8221;#312E2F&#8221; background_color=&#8221;#F9F9F9&#8243; custom_padding=&#8221;10px||20px||false|true&#8221; text_font_size_tablet=&#8221;&#8221; text_font_size_phone=&#8221;16px&#8221; text_font_size_last_edited=&#8221;on|phone&#8221; text_line_height_tablet=&#8221;1.9em&#8221; text_line_height_phone=&#8221;1.9em&#8221; text_line_height_last_edited=&#8221;on|phone&#8221; custom_css_free_form=&#8221;.sluzbaLink {||  color: #333333 !important;||  text-decoration: underline||} ||||.sluzbaLink:hover {||  text-decoration: underline;||  font-size: 19px||} &#8221; global_module=&#8221;26044360&#8243; saved_tabs=&#8221;all&#8221; locked=&#8221;off&#8221; global_colors_info=&#8221;{}&#8221;]<\/p>\n<p><a href=\"https:\/\/www.mindsetmentors.eu\/do-usi\/\" class=\"sluzbaLink\">V m\u00e9di\u00edch<\/a><br \/>\n<a href=\"https:\/\/www.mindsetmentors.eu\/category\/komunikace-mindset\/\" class=\"sluzbaLink\">Komunikace &#038; mindset<\/a><br \/>\n<a href=\"https:\/\/www.mindsetmentors.eu\/category\/leadership-svet-prace\/\" class=\"sluzbaLink\">Leadership &amp; sv\u011bt pr\u00e1ce<\/a><br \/>\n<a href=\"https:\/\/www.mindsetmentors.eu\/category\/mm-news-dobro\/\" class=\"sluzbaLink\">MM news &amp; dobro<\/a><br \/>\n<a href=\"https:\/\/www.mindsetmentors.eu\/category\/nastroje-firemni-pribehy\/\" class=\"sluzbaLink\">N\u00e1stroje &amp; firemn\u00ed p\u0159\u00edb\u011bhy<\/a><br \/>\n<a href=\"https:\/\/www.mindsetmentors.eu\/category\/vzdelavani-seberozvoj\/\" class=\"sluzbaLink\">Vzd\u011bl\u00e1v\u00e1n\u00ed &amp; seberozvoj<\/a><\/p>\n<p>[\/et_pb_text][\/et_pb_column][\/et_pb_row][et_pb_row column_structure=&#8221;2_3,1_3&#8243; custom_padding_last_edited=&#8221;on|phone&#8221; module_id=&#8221;newsletter&#8221; _builder_version=&#8221;4.27.0&#8243; _module_preset=&#8221;default&#8221; background_color=&#8221;#F9F9F9&#8243; custom_margin=&#8221;-2px|auto||auto|false|false&#8221; custom_margin_tablet=&#8221;80px||||false|false&#8221; custom_margin_phone=&#8221;0px||0px||false|false&#8221; custom_margin_last_edited=&#8221;on|desktop&#8221; custom_padding=&#8221;60px|80px|0px|80px|false|true&#8221; custom_padding_tablet=&#8221;60px|80px|0px|80px|false|true&#8221; custom_padding_phone=&#8221;45px|34px||34px|false|true&#8221; global_module=&#8221;26044188&#8243; saved_tabs=&#8221;all&#8221; locked=&#8221;off&#8221; global_colors_info=&#8221;{}&#8221;][et_pb_column type=&#8221;2_3&#8243; _builder_version=&#8221;4.27.0&#8243; _module_preset=&#8221;default&#8221; global_colors_info=&#8221;{}&#8221;][et_pb_heading title=&#8221;Subscribe to news from the world of communication and mindset! &#8221; admin_label=&#8221;Nadpis&#8221; _builder_version=&#8221;4.27.0&#8243; _module_preset=&#8221;850efd54-46bd-4971-98c3-9c0e134f2765&#8243; title_level=&#8221;h3&#8243; title_text_align=&#8221;left&#8221; title_font_size=&#8221;40px&#8221; custom_margin=&#8221;23px||0px||false|false&#8221; custom_margin_tablet=&#8221;23px||0px||false|false&#8221; custom_margin_phone=&#8221;23px||15px||false|false&#8221; custom_margin_last_edited=&#8221;on|phone&#8221; custom_padding=&#8221;||0px||false|false&#8221; title_font_size_phone=&#8221;27px&#8221; global_colors_info=&#8221;{}&#8221;][\/et_pb_heading][et_pb_code admin_label=&#8221;Code&#8221; module_id=&#8221;blog-odber&#8221; _builder_version=&#8221;4.27.0&#8243; _module_preset=&#8221;default&#8221; text_orientation=&#8221;left&#8221; module_alignment=&#8221;left&#8221; custom_margin_tablet=&#8221;&#8221; custom_margin_phone=&#8221;||0px||false|false&#8221; custom_margin_last_edited=&#8221;on|phone&#8221; custom_padding_tablet=&#8221;&#8221; custom_padding_phone=&#8221;||0px||false|false&#8221; custom_padding_last_edited=&#8221;on|phone&#8221; global_colors_info=&#8221;{}&#8221; height__hover_enabled=&#8221;on|desktop&#8221;]<script><!-- [et_pb_line_break_holder] -->        (function (w,d,s,o,f,js,fjs) {<!-- [et_pb_line_break_holder] -->            w['ecm-widget']=o;w[o] = w[o] || function () { (w[o].q = w[o].q || []).push(arguments) };<!-- [et_pb_line_break_holder] -->            js = d.createElement(s), fjs = d.getElementsByTagName(s)[0];<!-- [et_pb_line_break_holder] -->            js.id = '3-b6fcc542fb021c84fdaff536dd0a74a1'; js.dataset.a = 'mindsetmentors'; js.src = f; js.async = 1; fjs.parentNode.insertBefore(js, fjs);<!-- [et_pb_line_break_holder] -->        }(window, document, 'script', 'ecmwidget', 'https:\/\/d70shl7vidtft.cloudfront.net\/widget.js'));<!-- [et_pb_line_break_holder] -->    <\/script><!-- [et_pb_line_break_holder] -->            <\/p>\n<div id=\"f-3-b6fcc542fb021c84fdaff536dd0a74a1\"><\/div>\n<p>[\/et_pb_code][et_pb_text _builder_version=&#8221;4.27.0&#8243; _module_preset=&#8221;default&#8221; text_font=&#8221;|&#8211;et_global_body_font_weight|||||||&#8221; link_text_color=&#8221;#312E2F&#8221; custom_margin_tablet=&#8221;&#8221; custom_margin_phone=&#8221;||0px||false|false&#8221; custom_margin_last_edited=&#8221;on|phone&#8221; custom_padding=&#8221;20px||60px||false|false&#8221; custom_padding_tablet=&#8221;|219px|||true|false&#8221; custom_padding_phone=&#8221;|0px|21px||false|false&#8221; custom_padding_last_edited=&#8221;on|tablet&#8221; text_font_size_tablet=&#8221;&#8221; text_font_size_phone=&#8221;12px&#8221; text_font_size_last_edited=&#8221;on|phone&#8221; text_line_height_tablet=&#8221;&#8221; text_line_height_phone=&#8221;1.5em&#8221; text_line_height_last_edited=&#8221;on|phone&#8221; locked=&#8221;off&#8221; global_colors_info=&#8221;{}&#8221; link_font_size__hover_enabled=&#8221;on|hover&#8221; link_font_size__hover=&#8221;19px&#8221;]<\/p>\n<p>P.S.: By submitting, you agree to our <a href=\"https:\/\/www.mindsetmentors.eu\/zasady-zpracovani-osobnich-udaju\/\"><span style=\"text-decoration: underline;\">Privacy Policy<\/span><\/a><\/p>\n<p>[\/et_pb_text][\/et_pb_column][et_pb_column type=&#8221;1_3&#8243; _builder_version=&#8221;4.27.0&#8243; _module_preset=&#8221;default&#8221; global_colors_info=&#8221;{}&#8221;][et_pb_image src=&#8221;https:\/\/www.mindsetmentors.eu\/wp-content\/uploads\/2024\/09\/Point-1.png&#8221; title_text=&#8221;nws&#8221; src_tablet=&#8221;https:\/\/www.mindsetmentors.eu\/wp-content\/uploads\/2024\/09\/Point-1.png&#8221; src_phone=&#8221;https:\/\/www.mindsetmentors.eu\/wp-content\/uploads\/2024\/09\/nws.png&#8221; src_last_edited=&#8221;on|phone&#8221; align_tablet=&#8221;right&#8221; align_phone=&#8221;right&#8221; align_last_edited=&#8221;on|tablet&#8221; _builder_version=&#8221;4.27.0&#8243; _module_preset=&#8221;default&#8221; transform_scale_tablet=&#8221;&#8221; transform_scale_phone=&#8221;&#8221; transform_scale_last_edited=&#8221;on|tablet&#8221; transform_translate_tablet=&#8221;60px|0px&#8221; transform_translate_phone=&#8221;16px|0px&#8221; transform_translate_last_edited=&#8221;on|tablet&#8221; transform_translate_linked_tablet=&#8221;off&#8221; transform_rotate_tablet=&#8221;&#8221; transform_rotate_phone=&#8221;&#8221; transform_rotate_last_edited=&#8221;on|tablet&#8221; transform_skew_tablet=&#8221;&#8221; transform_skew_phone=&#8221;&#8221; transform_skew_last_edited=&#8221;on|tablet&#8221; transform_origin_tablet=&#8221;&#8221; transform_origin_phone=&#8221;&#8221; transform_origin_last_edited=&#8221;on|tablet&#8221; transform_styles_last_edited=&#8221;on|tablet&#8221; width=&#8221;470px&#8221; width_tablet=&#8221;310px&#8221; width_phone=&#8221;240px&#8221; width_last_edited=&#8221;on|tablet&#8221; custom_margin=&#8221;21px|||-130px|false|false&#8221; custom_margin_tablet=&#8221;-230px||||false|false&#8221; custom_margin_phone=&#8221;-80px||0px||false|false&#8221; custom_margin_last_edited=&#8221;on|tablet&#8221; transform_styles_tablet=&#8221;&#8221; transform_styles_phone=&#8221;&#8221; module_alignment_tablet=&#8221;right&#8221; module_alignment_phone=&#8221;right&#8221; module_alignment_last_edited=&#8221;on|tablet&#8221; global_colors_info=&#8221;{}&#8221;][\/et_pb_image][\/et_pb_column][\/et_pb_row][\/et_pb_section]<\/p>\n","protected":false},"excerpt":{"rendered":"<p>V m\u00e9di\u00edch Komunikace &#038; mindset Leadership &amp; sv\u011bt pr\u00e1ce MM news &amp; dobro N\u00e1stroje &amp; firemn\u00ed p\u0159\u00edb\u011bhy Vzd\u011bl\u00e1v\u00e1n\u00ed &amp; seberozvoj P.S.: By submitting, you agree to our Privacy Policy<\/p>\n","protected":false},"author":6,"featured_media":0,"parent":0,"menu_order":0,"comment_status":"closed","ping_status":"closed","template":"","meta":{"_acf_changed":false,"_et_pb_use_builder":"on","_et_pb_old_content":"","_et_gb_content_width":"","footnotes":""},"class_list":["post-26046305","page","type-page","status-publish","hentry"],"acf":[],"_links":{"self":[{"href":"https:\/\/www.mindsetmentors.eu\/en\/wp-json\/wp\/v2\/pages\/26046305","targetHints":{"allow":["GET"]}}],"collection":[{"href":"https:\/\/www.mindsetmentors.eu\/en\/wp-json\/wp\/v2\/pages"}],"about":[{"href":"https:\/\/www.mindsetmentors.eu\/en\/wp-json\/wp\/v2\/types\/page"}],"author":[{"embeddable":true,"href":"https:\/\/www.mindsetmentors.eu\/en\/wp-json\/wp\/v2\/users\/6"}],"replies":[{"embeddable":true,"href":"https:\/\/www.mindsetmentors.eu\/en\/wp-json\/wp\/v2\/comments?post=26046305"}],"version-history":[{"count":0,"href":"https:\/\/www.mindsetmentors.eu\/en\/wp-json\/wp\/v2\/pages\/26046305\/revisions"}],"wp:attachment":[{"href":"https:\/\/www.mindsetmentors.eu\/en\/wp-json\/wp\/v2\/media?parent=26046305"}],"curies":[{"name":"wp","href":"https:\/\/api.w.org\/{rel}","templated":true}]}}